{"id":76,"date":"2020-07-07T13:13:25","date_gmt":"2020-07-07T13:13:25","guid":{"rendered":"https:\/\/kristijanovic.jezik.hr\/?page_id=76"},"modified":"2020-10-05T11:52:20","modified_gmt":"2020-10-05T11:52:20","slug":"iz-danice-zagrebecke","status":"publish","type":"page","link":"https:\/\/kristijanovic.jezik.hr\/index.php\/iz-danice-zagrebecke\/","title":{"rendered":"Iz Danice zagrebe\u010dke"},"content":{"rendered":"\n<p><strong>\u0160egave pripovesti i zganke<\/strong><\/p>\n\n\n<p style=\"padding-left: 40px;\"><a href=\"http:\/\/ihjj.hr\/kristijanovic\/index.php\/iz-danice-zagrebecke-segave-pripovesti-i-zganke\/#CiganinuNeVeruj\">Ciganu ne veruj<\/a><\/p>\n\n\n<p style=\"padding-left: 40px;\"><a href=\"http:\/\/ihjj.hr\/kristijanovic\/index.php\/iz-danice-zagrebecke-segave-pripovesti-i-zganke\/#Svetki\">Svetki gibu\u010di i negibu\u010di ovoga leta<\/a><\/p>\n\n\n\n<\/p>\n<p style=\"padding-left: 40px;\"><a href=\"http:\/\/ihjj.hr\/kristijanovic\/index.php\/iz-danice-zagrebecke-segave-pripovesti-i-zganke\/#OdPostov\">Od postov, kvatrih i korizme<\/a><\/p>\n<p>\n\n\n\n<p><\/p>\n\n\n\n<\/p>\n<p style=\"padding-left: 40px;\"><a href=\"http:\/\/ihjj.hr\/kristijanovic\/index.php\/iz-danice-zagrebecke-segave-pripovesti-i-zganke\/#OdLeta\">Od leta i njegoveh stankah<\/a><\/p>\n<p>\n\n\n\n<p><\/p>\n\n\n\n<\/p>\n<p style=\"padding-left: 40px;\"><a href=\"http:\/\/ihjj.hr\/kristijanovic\/index.php\/iz-danice-zagrebecke-segave-pripovesti-i-zganke\/#OdMeseca\">Od Meseca i leto\u0161njega planete<\/a><\/p>\n<p>\n\n\n\n<p><\/p>\n\n\n\n<\/p>\n<p style=\"padding-left: 40px;\"><a href=\"http:\/\/ihjj.hr\/kristijanovic\/index.php\/iz-danice-zagrebecke-segave-pripovesti-i-zganke\/#OdSunca\">Od Sunca i Meseca pomra\u010denj<\/a><\/p>\n<p style=\"padding-left: 40px;\">\n\n\n\n<p><\/p>\n\n\n\n<\/p>\n<p style=\"padding-left: 40px;\"><a href=\"http:\/\/ihjj.hr\/kristijanovic\/index.php\/iz-danice-zagrebecke-segave-pripovesti-i-zganke\/#OdSnega\">Od snega i mraza<\/a><\/p>\n<p style=\"padding-left: 40px;\">\n\n\n\n<p><\/p>\n\n\n\n<\/p>\n<p style=\"padding-left: 40px;\"><a href=\"http:\/\/ihjj.hr\/kristijanovic\/index.php\/iz-danice-zagrebecke-segave-pripovesti-i-zganke\/#OdTuce\">Od tu\u010de i solike<\/a><\/p>\n<p style=\"padding-left: 40px;\">\n\n\n\n<p><\/p>\n\n\n\n<\/p>\n<p style=\"padding-left: 40px;\"><a href=\"http:\/\/ihjj.hr\/kristijanovic\/index.php\/iz-danice-zagrebecke-segave-pripovesti-i-zganke\/#OdVetrov\">Od vetrov<\/a><\/p>\n<p>\n\n\n\n<p><\/p>\n\n\n\n<\/p>\n<p style=\"padding-left: 40px;\"><a href=\"http:\/\/ihjj.hr\/kristijanovic\/index.php\/iz-danice-zagrebecke-segave-pripovesti-i-zganke\/#OdGrmlavice\">Od grmlavice i treskavice<\/a><\/p>\n<p style=\"padding-left: 40px;\">\n\n\n\n<p><\/p>\n\n\n\n<\/p>\n<p style=\"padding-left: 40px;\"><a href=\"http:\/\/ihjj.hr\/kristijanovic\/index.php\/iz-danice-zagrebecke-segave-pripovesti-i-zganke\/#OdVremena\">Od vremena ovoga leta vu op\u010dinskom<\/a><\/p>\n<p style=\"padding-left: 40px;\">\n\n\n\n<p><\/p>\n\n\n\n<\/p>\n<p style=\"padding-left: 40px;\"><a href=\"http:\/\/ihjj.hr\/kristijanovic\/index.php\/iz-danice-zagrebecke-segave-pripovesti-i-zganke\/#OdOvogaLeta\">Od ovoga leta plodnosti<\/a><\/p>\n<p style=\"padding-left: 40px;\">\n\n\n\n<p><\/p>\n\n\n\n<\/p>\n<p style=\"padding-left: 40px;\"><a href=\"http:\/\/ihjj.hr\/kristijanovic\/index.php\/iz-danice-zagrebecke-segave-pripovesti-i-zganke\/#OdKukcev\">Od kukcev i nesnag ovoga leta<\/a><\/p>\n<p style=\"padding-left: 40px;\">\n\n\n\n<p><\/p>\n\n\n\n<\/p>\n<p style=\"padding-left: 40px;\"><a href=\"http:\/\/ihjj.hr\/kristijanovic\/index.php\/iz-danice-zagrebecke-segave-pripovesti-i-zganke\/#OdOstale\">Od ostale leto\u0161njega leta \u017eivine<\/a><\/p>\n<p style=\"padding-left: 40px;\">\n\n\n\n<p><\/p>\n\n\n\n<\/p>\n<p style=\"padding-left: 40px;\"><a href=\"http:\/\/ihjj.hr\/kristijanovic\/index.php\/iz-danice-zagrebecke-segave-pripovesti-i-zganke\/#LetosnjiBetegi\">Leto\u0161nji betegi<\/a><\/p>\n<p style=\"padding-left: 40px;\">\n\n\n\n<p><\/p>\n\n\n\n<\/p>\n<p style=\"padding-left: 40px;\"><a href=\"http:\/\/ihjj.hr\/kristijanovic\/index.php\/iz-danice-zagrebecke-segave-pripovesti-i-zganke\/#Smesni\">Sme\u0161ni Martin<\/a><\/p>\n<p style=\"padding-left: 40px;\">\n\n\n\n<p><\/p>\n\n\n\n<p><!--StartFragment--><\/p>\n<p><strong>Gospodarski savjeti<\/strong><\/p>\n<p style=\"padding-left: 40px;\"><a href=\"http:\/\/ihjj.hr\/kristijanovic\/index.php\/iz-danice-zagrebecke-gospodarski-savjeti\/#Sopun\">Sopun iz prepruti<\/a><\/p>\n<p style=\"padding-left: 40px;\"><a href=\"http:\/\/ihjj.hr\/kristijanovic\/index.php\/iz-danice-zagrebecke-gospodarski-savjeti\/#Josce\">Jo\u0161\u010de nekaj proti molom<\/a><\/p>\n<p style=\"padding-left: 40px;\"><a href=\"http:\/\/ihjj.hr\/kristijanovic\/index.php\/iz-danice-zagrebecke-gospodarski-savjeti\/#Kratki\">Kratki navuk za mlade nastaju\u010de gospodare<\/a><\/p>\n<p style=\"padding-left: 40px;\"><a href=\"http:\/\/ihjj.hr\/kristijanovic\/index.php\/iz-danice-zagrebecke-gospodarski-savjeti\/#OdMesta\">Od mesta i zemlje prikladne za vinograd<\/a><\/p>\n<p><\/p>\n<p><strong>Zanimljivosti<\/strong><\/p>\n<p style=\"padding-left: 40px;\"><a href=\"http:\/\/ihjj.hr\/kristijanovic\/index.php\/iz-danice-zagrebecke-zanimljivosti\/#Amerikanski\">Amerikanski torec<\/a><\/p>\n<p style=\"padding-left: 40px;\"><a href=\"http:\/\/ihjj.hr\/kristijanovic\/index.php\/iz-danice-zagrebecke-zanimljivosti\/#Sivi\">Sivi medved<\/a><\/p>\n<p style=\"padding-left: 40px;\"><a href=\"http:\/\/ihjj.hr\/kristijanovic\/index.php\/iz-danice-zagrebecke-zanimljivosti\/#Pocetek\">Po\u010detek pemske zemlje i kraljevstva<\/a><\/p>\n<p><\/p>\n<p><strong>Pu\u010dka meterologija<\/strong><\/p>\n<p style=\"padding-left: 40px;\"><a href=\"http:\/\/ihjj.hr\/kristijanovic\/index.php\/iz-danice-zagrebecke-pucka-meterologija\/#Duznosti\">Du\u017enosti XII. mesecov<\/a><\/p>\n<p style=\"padding-left: 40px;\"><a href=\"http:\/\/ihjj.hr\/kristijanovic\/index.php\/iz-danice-zagrebecke-pucka-meterologija\/#OdPuge\">Od puge, dija\u010dki iris zvane<\/a><\/p>\n<p><\/p>\n<p><strong>Narodna medicina<\/strong><\/p>\n<p style=\"padding-left: 40px;\"><a href=\"http:\/\/ihjj.hr\/kristijanovic\/index.php\/iz-danice-zagrebecke-narodna-medicina\/#Domaci\">Doma\u010di vra\u010ditel<\/p>\n<p><\/p>\n<p><strong>Pou\u010dne pripovjesti<\/strong><\/p>\n<p style=\"padding-left: 40px;\"><a href=\"http:\/\/ihjj.hr\/kristijanovic\/index.php\/iz-danice-zagrebecke-poucne-pripovjesti\/#Hasen\">Hasen vljudnosti<\/a><\/p>\n<p style=\"padding-left: 40px;\"><a href=\"http:\/\/ihjj.hr\/kristijanovic\/index.php\/iz-danice-zagrebecke-poucne-pripovjesti\/#Cudnovita\">\u010cudnovita pelda de\u010dinske ljubavi<\/a><\/p>\n<p><\/p>\n<p><\/p>\n<p><\/p>\n\n\n\n<p><\/p>\n","protected":false},"excerpt":{"rendered":"<p>\u0160egave pripovesti i zganke Ciganu ne veruj Svetki gibu\u010di i negibu\u010di ovoga leta Od postov, kvatrih i korizme Od leta i njegoveh stankah Od Meseca i leto\u0161njega planete Od Sunca i Meseca pomra\u010denj Od snega i mraza Od tu\u010de i solike Od vetrov Od grmlavice i treskavice Od vremena ovoga leta vu op\u010dinskom Od ovoga &hellip; <\/p>\n<p class=\"link-more\"><a href=\"https:\/\/kristijanovic.jezik.hr\/index.php\/iz-danice-zagrebecke\/\" class=\"more-link\">Nastavi \u010ditati<span class=\"screen-reader-text\"> &#8220;Iz Danice zagrebe\u010dke&#8221;<\/span><\/a><\/p>\n","protected":false},"author":1,"featured_media":0,"parent":0,"menu_order":0,"comment_status":"closed","ping_status":"closed","template":"","meta":[],"guten_post_layout_featured_media_urls":{"full":false,"thumbnail":false,"medium":false,"medium_large":false,"large":false,"1536x1536":false,"2048x2048":false,"guten_post_layout_landscape_large":false,"guten_post_layout_portrait_large":false,"guten_post_layout_square_large":false,"guten_post_layout_landscape":false,"guten_post_layout_portrait":false,"guten_post_layout_square":false,"twentyseventeen-featured-image":false,"twentyseventeen-thumbnail-avatar":false},"_links":{"self":[{"href":"https:\/\/kristijanovic.jezik.hr\/index.php\/wp-json\/wp\/v2\/pages\/76"}],"collection":[{"href":"https:\/\/kristijanovic.jezik.hr\/index.php\/wp-json\/wp\/v2\/pages"}],"about":[{"href":"https:\/\/kristijanovic.jezik.hr\/index.php\/wp-json\/wp\/v2\/types\/page"}],"author":[{"embeddable":true,"href":"https:\/\/kristijanovic.jezik.hr\/index.php\/wp-json\/wp\/v2\/users\/1"}],"replies":[{"embeddable":true,"href":"https:\/\/kristijanovic.jezik.hr\/index.php\/wp-json\/wp\/v2\/comments?post=76"}],"version-history":[{"count":27,"href":"https:\/\/kristijanovic.jezik.hr\/index.php\/wp-json\/wp\/v2\/pages\/76\/revisions"}],"predecessor-version":[{"id":187,"href":"https:\/\/kristijanovic.jezik.hr\/index.php\/wp-json\/wp\/v2\/pages\/76\/revisions\/187"}],"wp:attachment":[{"href":"https:\/\/kristijanovic.jezik.hr\/index.php\/wp-json\/wp\/v2\/media?parent=76"}],"curies":[{"name":"wp","href":"https:\/\/api.w.org\/{rel}","templated":true}]}}