{"id":60,"date":"2020-06-03T07:44:48","date_gmt":"2020-06-03T07:44:48","guid":{"rendered":"https:\/\/kristijanovic.jezik.hr\/?page_id=60"},"modified":"2020-09-28T05:55:56","modified_gmt":"2020-09-28T05:55:56","slug":"gazofilacij-2","status":"publish","type":"page","link":"https:\/\/kristijanovic.jezik.hr\/index.php\/gazofilacij-2\/","title":{"rendered":"Gazofilacij"},"content":{"rendered":"\n<table class=\"wp-block-table\"><tbody><tr><td><strong>1. <\/strong><\/td><td>prostorija u kojoj se \u010duvaju stvari od velike vrijednosti; spremi\u0161te blaga; riznica <\/td><\/tr><tr><td><strong>2. <\/strong><\/td><td><em>crkv.<\/em> <em>pov.<\/em> u srednjem vijeku svetohrani\u0161te <\/td><\/tr><tr><td><strong>3. <\/strong><\/td><td><em>pren.<\/em> <strong>a. <\/strong><em>zast.<\/em> leksi\u010dko blago <strong>b. <\/strong><em>pov.<\/em> knjiga leksikografskog karaktera u kojoj su sakupljena mnoga znanja <\/td><\/tr><\/tbody><\/table>\n\n\n\n<p><\/p>\n","protected":false},"excerpt":{"rendered":"<p>1. prostorija u kojoj se \u010duvaju stvari od velike vrijednosti; spremi\u0161te blaga; riznica 2. crkv. pov. u srednjem vijeku svetohrani\u0161te 3. pren. a. zast. leksi\u010dko blago b. pov. knjiga leksikografskog karaktera u kojoj su sakupljena mnoga znanja<\/p>\n","protected":false},"author":1,"featured_media":0,"parent":0,"menu_order":0,"comment_status":"closed","ping_status":"closed","template":"","meta":[],"guten_post_layout_featured_media_urls":{"full":false,"thumbnail":false,"medium":false,"medium_large":false,"large":false,"1536x1536":false,"2048x2048":false,"guten_post_layout_landscape_large":false,"guten_post_layout_portrait_large":false,"guten_post_layout_square_large":false,"guten_post_layout_landscape":false,"guten_post_layout_portrait":false,"guten_post_layout_square":false,"twentyseventeen-featured-image":false,"twentyseventeen-thumbnail-avatar":false},"_links":{"self":[{"href":"https:\/\/kristijanovic.jezik.hr\/index.php\/wp-json\/wp\/v2\/pages\/60"}],"collection":[{"href":"https:\/\/kristijanovic.jezik.hr\/index.php\/wp-json\/wp\/v2\/pages"}],"about":[{"href":"https:\/\/kristijanovic.jezik.hr\/index.php\/wp-json\/wp\/v2\/types\/page"}],"author":[{"embeddable":true,"href":"https:\/\/kristijanovic.jezik.hr\/index.php\/wp-json\/wp\/v2\/users\/1"}],"replies":[{"embeddable":true,"href":"https:\/\/kristijanovic.jezik.hr\/index.php\/wp-json\/wp\/v2\/comments?post=60"}],"version-history":[{"count":2,"href":"https:\/\/kristijanovic.jezik.hr\/index.php\/wp-json\/wp\/v2\/pages\/60\/revisions"}],"predecessor-version":[{"id":146,"href":"https:\/\/kristijanovic.jezik.hr\/index.php\/wp-json\/wp\/v2\/pages\/60\/revisions\/146"}],"wp:attachment":[{"href":"https:\/\/kristijanovic.jezik.hr\/index.php\/wp-json\/wp\/v2\/media?parent=60"}],"curies":[{"name":"wp","href":"https:\/\/api.w.org\/{rel}","templated":true}]}}