{"id":103,"date":"2020-07-09T15:07:04","date_gmt":"2020-07-09T15:07:04","guid":{"rendered":"http:\/\/ihjj.hr\/kristijanovic\/?page_id=103"},"modified":"2021-01-15T19:40:12","modified_gmt":"2021-01-15T19:40:12","slug":"iz-danice-zagrebecke-gospodarski-savjeti","status":"publish","type":"page","link":"https:\/\/kristijanovic.jezik.hr\/index.php\/iz-danice-zagrebecke-gospodarski-savjeti\/","title":{"rendered":"Iz Danice zagrebe\u010dke: Gospodarski savjeti"},"content":{"rendered":"<p><strong><a name=\"Sopun\"><\/a><em>Sopun iz prepruti<\/em><\/strong><\/p>\n<p>Posu\u0161i prepruti vu jednu jamu pri tihem vremenu nagnjeti i na pepel ze\u017egi, potlam iz ovoga pepela i vode kuglje napravi, posu\u0161i i z tem peri rubje. Od ovoga rubenina biva jako bela i nema nepovoljne duhe kak od drugoga prostoga sopuna kad se prate\u0161 od njega jako ne spere. Druga fela sopuna zelenoga za pranje osebujnoga vu stoletnom dnevniku je ispisana. (Danica zagrebe\u010dka 1834: 51)<\/p>\n<p>&nbsp;<\/p>\n<p><strong><a name=\"Josce\"><\/a><em>Jo\u0161\u010de nekaj proti molom<\/em><\/strong><\/p>\n<ol>\n<li>Razbeli cigel, vlej na njega jakoga octa i nad dimom dr\u017ei opravu i krzno i od toga vsi moli i jajca moraju poginuti.<\/li>\n<li>Zme\u0161aj dve strani \u017eganice i jeden del terpentinskoga olja i z kefum jednum vu to omo\u010denum poma\u017ei krzna gde su moli.<\/li>\n<\/ol>\n<p>Za op\u010duvati opravu od molov med falde oprave zavini ve\u010d paperov vu ovoj juhi namo\u010deneh ali kakov cajg omol\u010den vu tom. To ne \u0161kodi opravi ar ovo je dobro za fleke iz oprave zvaditi. Od jake duhe poparaju moli i jajca se raspucaju. (Danica zagrebe\u010dka 1834: 55\u201356)<\/p>\n<p>&nbsp;<\/p>\n<p><strong><a name=\"Kratki\"><\/a><em>Kratki navuk za mlade nastaju\u010de gospodare<\/em><\/strong><\/p>\n<ol>\n<li>Koj na gospodarstvo mladi doha\u0111aju, najbolje \u010diniju da gospodarstvo svoje ne poleg sve glave, neg poleg pelde drugeh starih gospodarov i gospodaric ravnaju.<\/li>\n<li>Naj si zapi\u0161eju gde i kuliko vek\u0161a dugovanja pri gospodarstvu potrebna kupili jesu za budu\u010da vremena.<\/li>\n<li>Mladi nastaju\u010di gospodar naj ne misli da taki vse imati mora kaj drugi stari gospodari imaju. Koj navu\u010ditel biti ho\u010de, mora se najprvi\u010d sam vu\u010diti, ovak koj mogu\u010di bogat postati ho\u010de, mora sprvince gospodarljivo, ne vendar skupo \u017eiveti.<\/li>\n<li>Mladi gospodar najbolje pazi na ona koja van dava, kak na ona koja nuter jemlje.<\/li>\n<li>Vnogo k gospodarstvu dona\u0161a priskrblena dugovanja \u010duvati znati.<\/li>\n<li>Koj dobra i za lehke\u0161u cenu dugovanja kupiti \u017eeli, naj ova du\u017een ne ostaje, nego taki spla\u010da. Zvrhu toga vsigdar le\u017ee\u0161e je pla\u010dati izneska dveh ali treh dugovanjih kak kada se 20 ali 30 skupa nabereju. (Danica zagrebe\u010dka 1835: 47)<\/li>\n<\/ol>\n<p>&nbsp;<\/p>\n<p><strong><a name=\"OdMesta\"><\/a><em>Od mesta i zemlje prikladne za vinograd<\/em><\/strong><\/p>\n<p><em>Vinograd<\/em>,<em> gorica<\/em>,<em> trsje&nbsp; <\/em>zove se mesto gde vno\u017eina trstov je zasa\u0111ena i na hasen \u010dlove\u010dansku obdelava se. Ni na vsakom mestu hanovito trsje saditi i obdelavati. Na <em>ni\u017eini<\/em> zima i mraz gustokrat trsju \u0161kodi i celoga leta trud i delo pohabi. Zvun toga ni\u017eina pod bregom zvek\u0161inum mo\u010dvarna je, niti prav rodni niti dugo trpeti moreju trsi. Ar trsni koren od mokrine gnjilo\u010du dobi, grozdi takaj kiseli i nete\u010dni jesu kajti mokra zemlja gruboga soka trsu daje koj se prav skuhati ne more. Na veliki pak <em>vi\u0161ini<\/em> trs zadosta topline nema, kesne\u0161e tirati po\u010dme, niti grozdi prav dozreleti moreju. O\u0161tro\u010da takaj zraka \u010dini da trsje vu mladju pozebe. Ada <em>srednje<\/em> mesto, niti previsoko niti prenisko zebrati se mora ako trsje saditi ali gotovo kupiti ho\u010demo. (Danica zagrebe\u010dka 1836: 18)<\/p>\n","protected":false},"excerpt":{"rendered":"<p>Sopun iz prepruti Posu\u0161i prepruti vu jednu jamu pri tihem vremenu nagnjeti i na pepel ze\u017egi, potlam iz ovoga pepela i vode kuglje napravi, posu\u0161i i z tem peri rubje. Od ovoga rubenina biva jako bela i nema nepovoljne duhe kak od drugoga prostoga sopuna kad se prate\u0161 od njega jako ne spere. Druga fela &hellip; <\/p>\n<p class=\"link-more\"><a href=\"https:\/\/kristijanovic.jezik.hr\/index.php\/iz-danice-zagrebecke-gospodarski-savjeti\/\" class=\"more-link\">Nastavi \u010ditati<span class=\"screen-reader-text\"> &#8220;Iz Danice zagrebe\u010dke: Gospodarski savjeti&#8221;<\/span><\/a><\/p>\n","protected":false},"author":1,"featured_media":0,"parent":0,"menu_order":0,"comment_status":"closed","ping_status":"closed","template":"","meta":[],"guten_post_layout_featured_media_urls":{"full":false,"thumbnail":false,"medium":false,"medium_large":false,"large":false,"1536x1536":false,"2048x2048":false,"guten_post_layout_landscape_large":false,"guten_post_layout_portrait_large":false,"guten_post_layout_square_large":false,"guten_post_layout_landscape":false,"guten_post_layout_portrait":false,"guten_post_layout_square":false,"twentyseventeen-featured-image":false,"twentyseventeen-thumbnail-avatar":false},"_links":{"self":[{"href":"https:\/\/kristijanovic.jezik.hr\/index.php\/wp-json\/wp\/v2\/pages\/103"}],"collection":[{"href":"https:\/\/kristijanovic.jezik.hr\/index.php\/wp-json\/wp\/v2\/pages"}],"about":[{"href":"https:\/\/kristijanovic.jezik.hr\/index.php\/wp-json\/wp\/v2\/types\/page"}],"author":[{"embeddable":true,"href":"https:\/\/kristijanovic.jezik.hr\/index.php\/wp-json\/wp\/v2\/users\/1"}],"replies":[{"embeddable":true,"href":"https:\/\/kristijanovic.jezik.hr\/index.php\/wp-json\/wp\/v2\/comments?post=103"}],"version-history":[{"count":5,"href":"https:\/\/kristijanovic.jezik.hr\/index.php\/wp-json\/wp\/v2\/pages\/103\/revisions"}],"predecessor-version":[{"id":229,"href":"https:\/\/kristijanovic.jezik.hr\/index.php\/wp-json\/wp\/v2\/pages\/103\/revisions\/229"}],"wp:attachment":[{"href":"https:\/\/kristijanovic.jezik.hr\/index.php\/wp-json\/wp\/v2\/media?parent=103"}],"curies":[{"name":"wp","href":"https:\/\/api.w.org\/{rel}","templated":true}]}}